{"id":10028,"date":"2021-09-01T12:53:00","date_gmt":"2021-09-01T11:53:00","guid":{"rendered":"https:\/\/cosyowl.com\/de\/product\/unkategorisiert\/moule-a-fleurs-en-cire-fondue-15"},"modified":"2026-03-03T17:25:25","modified_gmt":"2026-03-03T17:25:25","slug":"wachs-melt-giesform-mit-blumenmuster-15","status":"publish","type":"product","link":"https:\/\/cosyowl.com\/de\/materialien-fur-das-handwerk\/wachs-melts\/formen-fur-wachs-melts\/wachs-melt-giessform-mit-blumenmuster-15","title":{"rendered":"Wachs-Melt Gie\u00dfform mit Blumenmuster &#8211; 15"},"content":{"rendered":"<p>Diese sch\u00f6ne Gie\u00dfform mit 8-bl\u00e4ttrigen Bl\u00fcten im Blumenmuster ist eine gro\u00dfartige M\u00f6glichkeit, s\u00fc\u00dfe Blumen in gro\u00dfen Mengen herzustellen.<\/p>\n<p>Abmessung dieser Form*:<\/p>\n<p>Gesamte Form (L\u00e4nge x Breite): 210mm x 105mm<\/p>\n<p>Gr\u00f6\u00dfe der einzelnen Wachs-Melts (Breite x Tiefe): 32mm x 12mm<\/p>\n<p>*Bitte beachten Sie, dass alle Ma\u00dfangaben nur ungef\u00e4hre Werte sind.<\/p>\n","protected":false},"excerpt":{"rendered":"<p>Diese sch\u00f6ne Gie\u00dfform mit 8-bl\u00e4ttrigen Bl\u00fcten im Blumenmuster ist eine gro\u00dfartige M\u00f6glichkeit, s\u00fc\u00dfe Blumen in gro\u00dfen Mengen herzustellen. Abmessung dieser Form*: Gesamte Form (L\u00e4nge x Breite): 210mm x 105mm Gr\u00f6\u00dfe der einzelnen Wachs-Melts (Breite x Tiefe): 32mm x 12mm *Bitte beachten Sie, dass alle Ma\u00dfangaben nur ungef\u00e4hre Werte sind.<\/p>\n","protected":false},"featured_media":11134,"comment_status":"open","ping_status":"closed","template":"","meta":{"_acf_changed":false},"product_brand":[],"product_cat":[480,129,363],"product_tag":[],"class_list":{"0":"post-10028","1":"product","2":"type-product","3":"status-publish","4":"has-post-thumbnail","6":"product_cat-valentinstag","7":"product_cat-wachs-melts-formen","8":"product_cat-sale","10":"first","11":"instock","12":"taxable","13":"shipping-taxable","14":"purchasable","15":"product-type-simple"},"acf":[],"_links":{"self":[{"href":"https:\/\/cosyowl.com\/de\/wp-json\/wp\/v2\/product\/10028","targetHints":{"allow":["GET"]}}],"collection":[{"href":"https:\/\/cosyowl.com\/de\/wp-json\/wp\/v2\/product"}],"about":[{"href":"https:\/\/cosyowl.com\/de\/wp-json\/wp\/v2\/types\/product"}],"replies":[{"embeddable":true,"href":"https:\/\/cosyowl.com\/de\/wp-json\/wp\/v2\/comments?post=10028"}],"wp:featuredmedia":[{"embeddable":true,"href":"https:\/\/cosyowl.com\/de\/wp-json\/wp\/v2\/media\/11134"}],"wp:attachment":[{"href":"https:\/\/cosyowl.com\/de\/wp-json\/wp\/v2\/media?parent=10028"}],"wp:term":[{"taxonomy":"product_brand","embeddable":true,"href":"https:\/\/cosyowl.com\/de\/wp-json\/wp\/v2\/product_brand?post=10028"},{"taxonomy":"product_cat","embeddable":true,"href":"https:\/\/cosyowl.com\/de\/wp-json\/wp\/v2\/product_cat?post=10028"},{"taxonomy":"product_tag","embeddable":true,"href":"https:\/\/cosyowl.com\/de\/wp-json\/wp\/v2\/product_tag?post=10028"}],"curies":[{"name":"wp","href":"https:\/\/api.w.org\/{rel}","templated":true}]}}