{"id":7950,"date":"2021-01-08T13:28:05","date_gmt":"2021-01-08T13:28:05","guid":{"rendered":"https:\/\/cosyowl.com\/de\/?page_id=7950"},"modified":"2023-04-21T16:48:14","modified_gmt":"2023-04-21T15:48:14","slug":"bestellungen-an-die-eu-nach-dem-1-januar-2021","status":"publish","type":"page","link":"https:\/\/cosyowl.com\/de\/versand-nach-eu","title":{"rendered":"Bestellungen an die EU nach dem 1. Januar 2021"},"content":{"rendered":"<p>Wir freuen uns, Ihnen mitteilen zu k\u00f6nnen, dass wir die Lieferung an unsere Kunden in Frankreich, Deutschland, den Niederlanden, Belgien und \u00d6sterreich wieder aufgenommen haben!<\/p>\n<p><strong>Bestellungen in die EU ab April 2023<\/strong><\/p>\n<p>Seit Gro\u00dfbritannien die EU im Januar 2021 verlassen hat, standen Cozy Owl, die Kuriere und Sie, unser gesch\u00e4tzter Kunde, vor vielen Herausforderungen. Nach viel harter Arbeit hinter den Kulissen bei der \u00dcberpr\u00fcfung unserer Verpackungen und Prozesse glauben wir, dass unser neuer Ansatz die reibungsloseste und zuverl\u00e4ssigste Methode ist, um Verz\u00f6gerungen beim Zoll aus Gr\u00fcnden zu vermeiden, die in unserer Kontrolle liegen. Aufgrund der Natur des Versands von Waren in die EU kann es immer noch zu Verz\u00f6gerungen aus Gr\u00fcnden kommen, die au\u00dferhalb der Kontrolle von Cozy Owl liegen, und sollte dies passieren, entschuldigen wir uns und danken Ihnen f\u00fcr Ihre Geduld, den Zollbeh\u00f6rden die Durchf\u00fchrung ihrer Kontrollen zu erm\u00f6glichen.<\/p>\n<p><strong>F\u00fcr Kunden, die in ihrem Land nicht f\u00fcr die Umsatzsteuer registriert sind<\/strong><\/p>\n<p>Der Preis, den Sie auf der Website bezahlen, ist der volle bezahlte Preis \u2013 Sie m\u00fcssen keine zus\u00e4tzlichen Z\u00f6lle, Verkaufssteuern, Z\u00f6lle oder Verwaltungsgeb\u00fchren zahlen, wenn Ihre Waren nach Europa gelangen, da Cozy Owl diese in Ihrem Namen bezahlt. Unsere Systeme stellen sicher, dass der Zoll \u00fcber alle Informationen verf\u00fcgt, die er ben\u00f6tigt, um die Zollabfertigung ohne unangemessene Verz\u00f6gerungen abzuschlie\u00dfen, sodass die Lieferzeiten nicht \u00fcberm\u00e4\u00dfig verl\u00e4ngert werden sollten.<\/p>\n<p><strong>WICHTIGER HINWEIS ZUR LIEFERADRESSE<\/strong>: Sie m\u00fcssen eine Wohnadresse ausw\u00e4hlen, an die Ihre Waren versendet werden sollen. Wenn Sie ein Unternehmen, z. B. Ihre Arbeitsadresse, f\u00fcr die Lieferung ausw\u00e4hlen, werden Ihre Waren beim Zoll verz\u00f6gert und m\u00f6glicherweise zur\u00fcckgesandt. Die Zollbeh\u00f6rden ben\u00f6tigen f\u00fcr die Zollabfertigung die EORI-Nummer des Unternehmens an dieser Adresse. Es ist daher wichtig, dass Sie an eine Wohnadresse versenden, es sei denn, Sie registrieren sich bei uns als Unternehmen.<\/p>\n<p><strong>Versandkosten<\/strong><\/p>\n<p>24,60 \u20ac \u2013 Frankreich<\/p>\n<p>23,40 \u20ac \u2013 \u00d6sterreich<\/p>\n<p>21,30 \u20ac \u2013 Deutschland<\/p>\n<p>21,00 \u20ac \u2013 Belgien (150,00 \u20ac Mindestumsatz erforderlich)<\/p>\n<p>20,10 \u20ac \u2013 Niederlande<\/p>\n<p>Der Versand ist ab einem Warenwert von 250 \u20ac ohne Mehrwertsteuer versandkostenfrei.<\/p>\n<p><strong>Sind Sie ein steuerpflichtiges Unternehmen?<\/strong><\/p>\n<p>Wenn Sie ein Unternehmen sind, das Ihre Umsatzsteuer zur\u00fcckfordern m\u00f6chte, m\u00fcssen Sie sich zun\u00e4chst als Gesch\u00e4ftskunde bei Cosy Owl registrieren. Senden Sie uns einfach eine E-Mail (enquiries@cosyowl.com) und ein Mitglied des Teams wird Sie gerne einrichten. Es ist wichtig zu beachten, dass Sie keine Steuern zur\u00fcckfordern k\u00f6nnen, wenn Sie nicht als Gesch\u00e4ftskunde bei Cosy Owl registriert sind.<\/p>\n<p>Sobald Sie sich als Gesch\u00e4ftskunde bei Cosy Owl registriert haben, sind die angezeigten Preise ohne Umsatzsteuer. Stattdessen werden Sie direkt vom Zoll kontaktiert, wenn Ihre Bestellung in der EU eingeht, um alle Steuern und Zollgeb\u00fchren zu bezahlen.<\/p>\n<p><strong>EORI-Nummern<\/strong><\/p>\n<p>Wenn ein Unternehmen jeglicher Gr\u00f6\u00dfe oder Art an Ihrer angegebenen Lieferadresse t\u00e4tig ist, m\u00fcssen wir dem Kurier eine g\u00fcltige EORI-Nummer mitteilen, oder die Bestellung kann leider nicht versendet werden. Vollst\u00e4ndige Informationen zu EORI-Nummern und wie Sie eine erhalten, finden Sie auf der Website Ihrer Regierung. Wenn Sie bei Bedarf keine g\u00fcltige EORI-Nummer angeben, wirkt sich dies auf Ihre R\u00fcckerstattung aus, wenn die Bestellung zur\u00fcckgegeben wird.<\/p>\n<p>Die vollst\u00e4ndigen Gesch\u00e4ftsbedingungen f\u00fcr den Versand und Kauf \u00fcber Cosy Owl finden Sie hier auf unserer <a href=\"https:\/\/cosyowl.com\/de\/shippinginfo\">Versandinformationsseite<\/a>.<\/p>\n","protected":false},"excerpt":{"rendered":"<p>Wir freuen uns, Ihnen mitteilen zu k\u00f6nnen, dass wir die Lieferung an unsere Kunden in Frankreich, Deutschland, den Niederlanden, Belgien und \u00d6sterreich wieder aufgenommen haben! Bestellungen in die EU ab April 2023 Seit Gro\u00dfbritannien die EU im Januar 2021 verlassen hat, standen Cozy Owl, die Kuriere und Sie, unser gesch\u00e4tzter Kunde, vor vielen Herausforderungen. Nach [&hellip;]<\/p>\n","protected":false},"author":1,"featured_media":0,"parent":0,"menu_order":0,"comment_status":"closed","ping_status":"closed","template":"","meta":{"_acf_changed":false,"footnotes":""},"class_list":["post-7950","page","type-page","status-publish","hentry"],"acf":[],"_links":{"self":[{"href":"https:\/\/cosyowl.com\/de\/wp-json\/wp\/v2\/pages\/7950","targetHints":{"allow":["GET"]}}],"collection":[{"href":"https:\/\/cosyowl.com\/de\/wp-json\/wp\/v2\/pages"}],"about":[{"href":"https:\/\/cosyowl.com\/de\/wp-json\/wp\/v2\/types\/page"}],"author":[{"embeddable":true,"href":"https:\/\/cosyowl.com\/de\/wp-json\/wp\/v2\/users\/1"}],"replies":[{"embeddable":true,"href":"https:\/\/cosyowl.com\/de\/wp-json\/wp\/v2\/comments?post=7950"}],"version-history":[{"count":0,"href":"https:\/\/cosyowl.com\/de\/wp-json\/wp\/v2\/pages\/7950\/revisions"}],"wp:attachment":[{"href":"https:\/\/cosyowl.com\/de\/wp-json\/wp\/v2\/media?parent=7950"}],"curies":[{"name":"wp","href":"https:\/\/api.w.org\/{rel}","templated":true}]}}