{"id":7947,"date":"2021-01-07T10:39:56","date_gmt":"2021-01-07T10:39:56","guid":{"rendered":"https:\/\/cosyowl.com\/de\/?page_id=7947"},"modified":"2026-04-29T15:37:07","modified_gmt":"2026-04-29T14:37:07","slug":"preise-und-versand","status":"publish","type":"page","link":"https:\/\/cosyowl.com\/de\/shippinginfo","title":{"rendered":"Preise und Versand"},"content":{"rendered":"<p>Obwohl alle Anstrengungen unternommen wurden, um sicherzustellen, dass der Versand an unsere Kunden in der EU so reibungslos und problemlos wie m\u00f6glich verl\u00e4uft, sind wir keine Steuer- oder Zollexperten und alle angegebenen Zahlen und Tarife dienen nur zur Orientierung und k\u00f6nnen nicht garantiert werden. Cozy Owl \u00fcbernimmt keine Verantwortung f\u00fcr die erhobenen Steuer- oder Zolls\u00e4tze.<\/p>\n<p>F\u00fcr den Fall, dass Waren von DPD an Cozy Owl zur\u00fcckgesendet werden, weil etwaige Zollgeb\u00fchren nicht bezahlt wurden, auf Anfrage keine EORI-Nummer angegeben wurde, eine falsche Lieferadresse angegeben wurde oder Lieferungen verweigert wurden, k\u00f6nnen wir die urspr\u00fcnglichen Versandkosten nicht erstatten Waren von Cozy Owl und wir erstatten die Kosten f\u00fcr die R\u00fccksendung der Sendung an uns durch DPD, indem wir den Wert von der f\u00e4lligen R\u00fcckerstattung abziehen.<\/p>\n<p>Die h\u00e4ufigsten Ursachen f\u00fcr Verz\u00f6gerungen beim Zoll sind (aber nicht beschr\u00e4nkt auf) die Zahlung von Steuern, Geb\u00fchren und Z\u00f6llen, die Vorlage einer g\u00fcltigen EORI-Nummer und Adressabfragen. Cozy Owl \u00fcbernimmt keine Verantwortung f\u00fcr die Zeit, die der Zoll f\u00fcr die Bearbeitung der oben genannten Dinge ben\u00f6tigt. Leider ist Cozy Owl nicht in der Lage, Bestellungen, die vom Zoll zur\u00fcckgeschickt wurden, erneut zu versenden, und wir k\u00f6nnen auch keine kostenlose Nachlieferung vornehmen. Die einzige M\u00f6glichkeit, die wir ergreifen k\u00f6nnen, ist die R\u00fcckerstattung.<\/p>\n<h2>Versand- und Lieferinformationen<\/h2>\n<p><span class=\"HwtZe\" lang=\"de\"><span class=\"jCAhz ChMk0b\"><span class=\"ryNqvb\">Alle auf Cozy Owl angegebenen Lieferzeiten beinhalten nicht die Bearbeitungszeit. Diese betr\u00e4gt in der Regel 24 Stunden, kann aber insbesondere in der Hochsaison l\u00e4nger dauern.<\/span><\/span> <span class=\"jCAhz ChMk0b\"><span class=\"ryNqvb\">Bestellungen werden in der Regel innerhalb von 3 Werktagen versandt.<\/span><\/span> <span class=\"jCAhz ChMk0b\"><span class=\"ryNqvb\">Versand und Zustellung erfolgen ausschlie\u00dflich an Werktagen (Montag bis Freitag, ausgenommen Feiertage).<\/span><\/span><\/span><\/p>\n<p><span class=\"HwtZe\" lang=\"de\"><span class=\"jCAhz ChMk0b\"><span class=\"ryNqvb\">Aktuell bieten wir Standardversand nur in einige L\u00e4nder an (Frankreich, Spanien, \u00d6sterreich, Irland, Deutschland und die Niederlande). Wir arbeiten jedoch daran, unsere Versandoptionen bald wieder auf alle L\u00e4nder auszuweiten.<\/span><\/span> <span class=\"jCAhz ChMk0b\"><span class=\"ryNqvb\">Zum jetzigen Zeitpunkt dauert unser Standardversand durchschnittlich 5 Werktage (Mo.\u2013Fr.) vom Versand bis zur Zustellung an die Lieferadresse oder den vom Kurierdienst angegebenen Abholort. Bitte beachten Sie jedoch, dass wir f\u00fcr unvorhergesehene Verz\u00f6gerungen beim Zoll nicht verantwortlich sind.<\/span><\/span><\/span><\/p>\n<p><span class=\"HwtZe\" lang=\"de\"><span class=\"jCAhz ChMk0b\"><span class=\"ryNqvb\">Sie erhalten eine E-Mail, sobald Ihre Bestellung versandt wurde (abgeschlossen).<\/span><\/span><\/span><\/p>\n<h2>Empfangen von gro\u00dfen palettierten Auftr\u00e4gen<\/h2>\n<p>Massenbestellungen von Waren werden palettiert und auf einem Ein-Mann-Bordstein-Service geliefert, was bedeutet, dass abh\u00e4ngig von den Bedingungen Fahrer die Lieferung an den Ort Ihrer Wahl verweigern k\u00f6nnen. Es wird empfohlen, sicherzustellen, dass Sie \u00fcber ausreichende Kr\u00e4fte verf\u00fcgen, um die Lieferung einer Bestellung anzunehmen, die auf einer Palette versandt wird, um sie von der Bordsteinkante an den gew\u00fcnschten Ort zu bringen. Dies liegt in der Verantwortung des Kunden. Wenn Sie die Lieferung nicht annehmen oder eine erneute Zustellung der Bestellung verlangen, k\u00f6nnen zus\u00e4tzliche Kosten entstehen.<\/p>\n<h2>F\u00fcr Lieferungen unterschreiben<\/h2>\n<p>Es ist wichtig, dass alle Waren gepr\u00fcft werden, bevor sie unterzeichnet werden. Wenn ein Gegenstand besch\u00e4digt ist, melden Sie sich f\u00fcr den Gegenstand als &#8222;besch\u00e4digt&#8220;, benachrichtigen Sie den Fahrer und Cosy Owl so schnell wie m\u00f6glich. Wenn Sie dies nicht tun, \u00fcbernehmen Sie die Verantwortung f\u00fcr alle Sch\u00e4den, die danach entdeckt werden, und verzichten auf jegliche Anspr\u00fcche. Schadenersatzanspr\u00fcche, die nach 30 Tagen geltend gemacht werden, werden nicht ber\u00fccksichtigt, da der Gegenstand unvorbereitet gelagert und gehandhabt wurde.<\/p>\n<h2>Gibt Informationen zur\u00fcck<\/h2>\n<p>F\u00fcr unerw\u00fcnschte Objekte:<\/p>\n<ul>\n<li>Wir m\u00fcssen im Voraus und innerhalb von 30 Tagen nach Erhalt Ihrer R\u00fcckkehrerkl\u00e4rung informiert werden.<\/li>\n<li>Wir werden alle unerw\u00fcnschten Artikel innerhalb von 14 Tagen nach R\u00fccksendung an uns zur\u00fcckerstatten \/ kreditieren oder ersetzen.<\/li>\n<li>R\u00fccksendungen werden nur f\u00fcr unbenutzte Waren in einem wiederverkaufsf\u00e4higen Zustand akzeptiert.<\/li>\n<li>R\u00fccksendungen m\u00fcssen vom Kunden in einer geeigneten Verpackung versandt werden, die R\u00fcckporto Kosten sind in der Verantwortung des Kunden.<\/li>\n<li>Jegliche Wertverminderung, die sich aus der Verwendung des Gegenstandes oder der Besch\u00e4digung des Gegenstandes ergibt, muss vom Kunden finanziell ausgeglichen werden, oder dies kann dazu f\u00fchren, dass ein Betrag von einer f\u00e4lligen R\u00fcckerstattung abgezogen wird.<\/li>\n<\/ul>\n<p>F\u00fcr fehlerhafte Artikel:<\/p>\n<ul>\n<li>Wenn ein Artikel fehlerhaft ist, m\u00fcssen wir so schnell wie m\u00f6glich \u00fcber Ihre R\u00fcckkehr informiert werden. Wir geben Anweisungen f\u00fcr die R\u00fcckgabe des Artikels.<\/li>\n<li>Der Artikel muss mit allen seinen Komponenten vollst\u00e4ndig sein.<\/li>\n<li>Eine Reparatur darf nicht versucht worden sein.<\/li>\n<li>Der Gegenstand darf in keiner Weise ver\u00e4ndert oder ver\u00e4ndert worden sein.<\/li>\n<li>Der Kunde ist daf\u00fcr verantwortlich, dass der Artikel in dem Zustand, in dem er versandt wurde, an uns zur\u00fcckkommt. Die R\u00fcckporto Kosten sind in der Verantwortung des Kunden, aber in fast allen F\u00e4llen wird zur\u00fcckerstattet, nachdem der Artikel bei uns eingegangen ist.<\/li>\n<li>Artikel sind nach Erhalt zu pr\u00fcfen und gegebenenfalls als besch\u00e4digt zu kennzeichnen. Alle Sch\u00e4den an Waren m\u00fcssen Cozy Owl innerhalb von 30 Tagen nach Erhalt gemeldet werden. Anspr\u00fcche au\u00dferhalb von 30 Tagen werden aufgrund der Ungewissheit, wie das Produkt gehandhabt und gelagert wurde, nicht ber\u00fccksichtigt. Durch die Unterzeichnung von Waren akzeptieren Sie, dass sie in gutem Zustand waren.<\/li>\n<\/ul>\n","protected":false},"excerpt":{"rendered":"<p>Obwohl alle Anstrengungen unternommen wurden, um sicherzustellen, dass der Versand an unsere Kunden in der EU so reibungslos und problemlos wie m\u00f6glich verl\u00e4uft, sind wir keine Steuer- oder Zollexperten und alle angegebenen Zahlen und Tarife dienen nur zur Orientierung und k\u00f6nnen nicht garantiert werden. Cozy Owl \u00fcbernimmt keine Verantwortung f\u00fcr die erhobenen Steuer- oder Zolls\u00e4tze. [&hellip;]<\/p>\n","protected":false},"author":1,"featured_media":0,"parent":0,"menu_order":0,"comment_status":"closed","ping_status":"closed","template":"","meta":{"_acf_changed":false,"footnotes":""},"class_list":["post-7947","page","type-page","status-publish","hentry"],"acf":[],"_links":{"self":[{"href":"https:\/\/cosyowl.com\/de\/wp-json\/wp\/v2\/pages\/7947","targetHints":{"allow":["GET"]}}],"collection":[{"href":"https:\/\/cosyowl.com\/de\/wp-json\/wp\/v2\/pages"}],"about":[{"href":"https:\/\/cosyowl.com\/de\/wp-json\/wp\/v2\/types\/page"}],"author":[{"embeddable":true,"href":"https:\/\/cosyowl.com\/de\/wp-json\/wp\/v2\/users\/1"}],"replies":[{"embeddable":true,"href":"https:\/\/cosyowl.com\/de\/wp-json\/wp\/v2\/comments?post=7947"}],"version-history":[{"count":2,"href":"https:\/\/cosyowl.com\/de\/wp-json\/wp\/v2\/pages\/7947\/revisions"}],"predecessor-version":[{"id":25707,"href":"https:\/\/cosyowl.com\/de\/wp-json\/wp\/v2\/pages\/7947\/revisions\/25707"}],"wp:attachment":[{"href":"https:\/\/cosyowl.com\/de\/wp-json\/wp\/v2\/media?parent=7947"}],"curies":[{"name":"wp","href":"https:\/\/api.w.org\/{rel}","templated":true}]}}