{"id":7904,"date":"2021-01-06T11:35:38","date_gmt":"2021-01-06T11:35:38","guid":{"rendered":"https:\/\/cosyowl.com\/de\/?page_id=7904"},"modified":"2024-10-11T19:14:54","modified_gmt":"2024-10-11T18:14:54","slug":"about","status":"publish","type":"page","link":"https:\/\/cosyowl.com\/de\/about","title":{"rendered":"\u00dcber Uns"},"content":{"rendered":"<p>Wir bei Cosy Owl sind sehr stolz auf die Vielfalt und Qualit\u00e4t der Produkte, die wir f\u00fcr die Kerzenherstellung anbieten. Egal, ob Sie Ihre ersten Furchen zum Hobby machen oder ein vollwertiger Kerzenproduzent sind, Cosy Owl hat eine riesige Auswahl an Produkten f\u00fcr Ihre Bed\u00fcrfnisse.<\/p>\n<p>Von einer Vielzahl nat\u00fcrlicher und mineralischer Wachse bis hin zu personalisierten Dochten und einer riesigen Kollektion an Duft\u00f6len und farbigen Farbstoffen bietet Cosy Owl alles, was Sie brauchen, um eine Kerze herzustellen, egal ob es sich um das kleinste Teelicht oder das gr\u00f6\u00dfte Tischdekorationsst\u00fcck handelt. Neben den Ger\u00e4ten und Materialien, die Sie f\u00fcr die Kerzenherstellung ben\u00f6tigen, bietet The Cosy Owl auch eine gro\u00dfe Auswahl an Beh\u00e4ltern f\u00fcr Ihre Kerzen, darunter Dosen, Gl\u00e4ser, Gl\u00e4ser und Aluminiumbecher, in einer ebenso gro\u00dfen Vielfalt an Farben und Formen zur Auswahl.<\/p>\n<p>Wir beziehen unsere Materialien und Produkte nur von Qualit\u00e4tsherstellern, darunter einige der renommiertesten Wachsf\u00e4rber und Dochthersteller, und wir unternehmen gro\u00dfe Anstrengungen, um sicherzustellen, dass alles, was wir verkaufen, sicher und ungiftig ist.<\/p>\n","protected":false},"excerpt":{"rendered":"<p>Wir bei Cosy Owl sind sehr stolz auf die Vielfalt und Qualit\u00e4t der Produkte, die wir f\u00fcr die Kerzenherstellung anbieten. Egal, ob Sie Ihre ersten Furchen zum Hobby machen oder ein vollwertiger Kerzenproduzent sind, Cosy Owl hat eine riesige Auswahl an Produkten f\u00fcr Ihre Bed\u00fcrfnisse. Von einer Vielzahl nat\u00fcrlicher und mineralischer Wachse bis hin zu [&hellip;]<\/p>\n","protected":false},"author":1,"featured_media":0,"parent":0,"menu_order":0,"comment_status":"closed","ping_status":"closed","template":"","meta":{"_acf_changed":false,"footnotes":""},"class_list":["post-7904","page","type-page","status-publish","hentry"],"acf":[],"_links":{"self":[{"href":"https:\/\/cosyowl.com\/de\/wp-json\/wp\/v2\/pages\/7904","targetHints":{"allow":["GET"]}}],"collection":[{"href":"https:\/\/cosyowl.com\/de\/wp-json\/wp\/v2\/pages"}],"about":[{"href":"https:\/\/cosyowl.com\/de\/wp-json\/wp\/v2\/types\/page"}],"author":[{"embeddable":true,"href":"https:\/\/cosyowl.com\/de\/wp-json\/wp\/v2\/users\/1"}],"replies":[{"embeddable":true,"href":"https:\/\/cosyowl.com\/de\/wp-json\/wp\/v2\/comments?post=7904"}],"version-history":[{"count":0,"href":"https:\/\/cosyowl.com\/de\/wp-json\/wp\/v2\/pages\/7904\/revisions"}],"wp:attachment":[{"href":"https:\/\/cosyowl.com\/de\/wp-json\/wp\/v2\/media?parent=7904"}],"curies":[{"name":"wp","href":"https:\/\/api.w.org\/{rel}","templated":true}]}}