{"id":4796,"date":"2020-12-16T02:21:45","date_gmt":"2020-12-16T02:21:45","guid":{"rendered":"https:\/\/cosyowl.com\/?page_id=4796"},"modified":"2024-05-15T23:27:11","modified_gmt":"2024-05-15T22:27:11","slug":"wholesale-candle-making-supplies","status":"publish","type":"page","link":"https:\/\/cosyowl.com\/de\/grosshandel","title":{"rendered":"Gro\u00dfhandel"},"content":{"rendered":"\r\n<link rel='stylesheet' href='\/wp-content\/themes\/shoptimizer-child-theme\/wholesale.css' type='text\/css' media='all' \/>\r\n\r\n<div class=\"section1\">\r\n\t<h2>Cosy Owl freut sich, unseren Gro\u00dfhandelsservice f\u00fcr Kerzenbedarf auf den Markt zu bringen<\/h2>\r\n\t<p>Exklusiv f\u00fcr Gewerbekunden bieten wir jetzt ma\u00dfgeschneiderte Preisgestaltung und Kontoverwaltung f\u00fcr unsere Stammkunden<\/p>\r\n<\/div>\r\n\r\n<div class=\"section2\">\r\n\t<p>Basierend auf dem einfachen Prinzip, je mehr Sie ausgeben, desto mehr Rabatt erhalten Sie f\u00fcr alle Produkte. ABER wichtig ist, dass unsere reduzierten Gro\u00dfhandelspreise konstant bleiben, unabh\u00e4ngig davon, wie viel Sie bei jeder Bestellung ausgeben oder wie viele Einheiten von jedem Produkt Sie kaufen.<\/p>\r\n\t<p>So k\u00f6nnen Sie sich auf eine gleichbleibende Kostenbasis f\u00fcr Ihr Unternehmen verlassen, unabh\u00e4ngig davon, ob Sie 1 oder 1000 Artikel in einer Bestellung ben\u00f6tigen.<\/p>\r\n\t<p>Als gesch\u00e4tzter Gewerbekunde erhalten Sie au\u00dferdem engagierte Kontoverwaltung, exklusiven Erstzugriff auf neue Produkte, Mitgliedervorteile und Werbung f\u00fcr Ihr Unternehmen \u00fcber unseren Blog und unsere sozialen Medien.<\/p>\r\n<\/div>\r\n\r\n<div class=\"section3\">\r\n<ul>\r\n\t<li class=\"item1\">Personalisierte Rabatte auf der Website basierend auf den Gesamtausgaben \u2013 nicht pro Bestellung oder Produkt<\/li>\r\n\t<li class=\"item2\">Engagierter Kundenbetreuer<\/li>\r\n\t<li class=\"item3\">Erhalten Sie immer Ihren vereinbarten Rabatt, egal wie viel Sie jeweils bestellen<\/li>\r\n\t<li class=\"item4\">Steigern Sie Ihre Rabatte, wenn Ihr Gesch\u00e4ft w\u00e4chst und sich Ihre Ausgaben bei uns erh\u00f6hen<\/li>\r\n\t<li class=\"item5\">Rabatte basierend auf den Gesamtausgaben und nicht auf der Menge in jeder Bestellung = gleichbleibende Kostenbasis f\u00fcr Ihr Unternehmen<\/li>\r\n\t<li class=\"item6\">Exklusiver Erstzugriff auf neue Produkte und Funktionen<\/li>\r\n\t<li class=\"item7\">Rabatte auch auf Gro\u00dfeinkaufspreise<\/li>\r\n\t<li class=\"item8\">Nutzen Sie uns, um Ihr Gesch\u00e4ft zu f\u00f6rdern \u2013 wir werben f\u00fcr unsere Gesch\u00e4ftskunden auf sozialen Medien und in unserem Blog<\/li>\r\n<\/ul>\r\n<br class=\"clearBoth\" \/>\r\n<\/div>\r\n\r\n<div class=\"section4\"><\/div>\r\n\r\n<div class=\"section5\">\r\n\t<div class=\"zigzag\"><\/div>\r\n\t<a name=\"apply\"><\/a>\r\n\t<h2>So werden Sie ein Cosy Owl Gewerbekunde<\/h2>\r\n\t\r\n\t<div class=\"flowchart\">\r\n\t\t<div class=\"flowchart1\">\r\n\t\t\t<h3>Schon Kunde?<\/h3>\r\n\t\t\t<img decoding=\"async\" src=\"https:\/\/cosyowl.com\/wp-content\/uploads\/design\/owl-avatar-winking-200.png\" alt=\"Cosy Owl avatar\" \/>\r\n\t\t\t<p>Ein Kundenbetreuer \u00fcberpr\u00fcft Ihr Konto und sobald Sie in zwei aufeinanderfolgenden Monaten mehr als 180 \u20ac ausgegeben haben, teilt er Ihnen eine entsprechende Rabattstufe zu und best\u00e4tigt Ihnen das. Denken Sie daran, je mehr Sie ausgeben, desto besser werden Sie bez\u00fcglich Ihres Rabatts eingestuft.<\/p>\r\n\t\t<\/div>\r\n\t\t\r\n\t\t<div class=\"flowchart2\">\r\n\t\t\t<h3>Neu bei Cosy Owl?<\/h3>\r\n\t\t\t<img decoding=\"async\" src=\"https:\/\/cosyowl.com\/wp-content\/uploads\/design\/owl-avatar-looking-up-200.png\" alt=\"Cosy Owl avatar\" \/>\r\n\t\t\t<p class=\"wholesale-button\"><a href=\"https:\/\/cosyowl.com\/de\/account\/\">Klicken Sie hier, um sich zu registrieren.<\/a><\/p>\r\n\t\t\t<p>F\u00fcllen Sie das Anmeldeformular aus. Kreuzen Sie \u2018Sind Sie ein Gewerbekunde?\u2019 an und geben Sie die Details einschlie\u00dflich der gesch\u00e4tzten monatlichen Ausgaben ein. Schicken Sie das Formular ab.<\/p>\r\n\t\t\t<p>Sobald Sie in zwei aufeinanderfolgenden Monaten Bestellungen im Wert von 180 \u20ac oder mehr aufgegeben haben, wird sich ein Kundenbetreuer mit Ihnen in Verbindung setzen und Ihre Rabattstufe festlegen. Je mehr Sie ausgeben, desto besser werden Sie bez\u00fcglich Ihres Rabatts eingestuft.<\/p>\r\n\t\t<\/div>\r\n\t\t\r\n\t\t<div class=\"flowchart3\">\t\t\r\n\t\t\t<p><b>Einmal eingerichtet<\/b> <br\/>Jedes Mal, wenn Sie sich einloggen, sehen Sie Ihre reduzierten Preise f\u00fcr alle Produkte.<\/p>\r\n\t\t<\/div>\r\n\t<\/div>\r\n<\/div>\r\n\r\n<div class=\"section4\"><\/div>\r\n","protected":false},"excerpt":{"rendered":"<p>Cosy Owl freut sich, unseren Gro\u00dfhandelsservice f\u00fcr Kerzenbedarf auf den Markt zu bringen Exklusiv f\u00fcr Gewerbekunden bieten wir jetzt ma\u00dfgeschneiderte Preisgestaltung und Kontoverwaltung f\u00fcr unsere Stammkunden Basierend auf dem einfachen Prinzip, je mehr Sie ausgeben, desto mehr Rabatt erhalten Sie f\u00fcr alle Produkte. ABER wichtig ist, dass unsere reduzierten Gro\u00dfhandelspreise konstant bleiben, unabh\u00e4ngig davon, wie [&hellip;]<\/p>\n","protected":false},"author":3,"featured_media":0,"parent":0,"menu_order":0,"comment_status":"closed","ping_status":"closed","template":"template-fullwidth.php","meta":{"_acf_changed":false,"footnotes":""},"class_list":["post-4796","page","type-page","status-publish","hentry"],"acf":[],"_links":{"self":[{"href":"https:\/\/cosyowl.com\/de\/wp-json\/wp\/v2\/pages\/4796","targetHints":{"allow":["GET"]}}],"collection":[{"href":"https:\/\/cosyowl.com\/de\/wp-json\/wp\/v2\/pages"}],"about":[{"href":"https:\/\/cosyowl.com\/de\/wp-json\/wp\/v2\/types\/page"}],"author":[{"embeddable":true,"href":"https:\/\/cosyowl.com\/de\/wp-json\/wp\/v2\/users\/3"}],"replies":[{"embeddable":true,"href":"https:\/\/cosyowl.com\/de\/wp-json\/wp\/v2\/comments?post=4796"}],"version-history":[{"count":0,"href":"https:\/\/cosyowl.com\/de\/wp-json\/wp\/v2\/pages\/4796\/revisions"}],"wp:attachment":[{"href":"https:\/\/cosyowl.com\/de\/wp-json\/wp\/v2\/media?parent=4796"}],"curies":[{"name":"wp","href":"https:\/\/api.w.org\/{rel}","templated":true}]}}