{"id":3,"date":"2020-10-31T22:54:05","date_gmt":"2020-10-31T22:54:05","guid":{"rendered":"https:\/\/cosyowl.com\/?page_id=3"},"modified":"2022-02-28T13:51:42","modified_gmt":"2022-02-28T13:51:42","slug":"privacy-policy","status":"publish","type":"page","link":"https:\/\/cosyowl.com\/de\/privacy","title":{"rendered":"Datenschutzbestimmungen"},"content":{"rendered":"<p>Willkommen bei Cosy Owl. Cosy Owl unterh\u00e4lt diese Website (die &#8222;Site&#8220;) f\u00fcr Ihren pers\u00f6nlichen Gebrauch und bietet Informationen zu unseren Produkten und Dienstleistungen. Cosy Owl respektiert die Datenschutzbedenken der Nutzer der Website und hat diese Datenschutzerkl\u00e4rung erstellt, um zu erkl\u00e4ren, welche Informationen wir von Ihrem Besuch auf der Website erhalten und wie diese Informationen verwendet werden k\u00f6nnen. Cosy Owl ist gem\u00e4\u00df den Allgemeinen Datenschutzbestimmungen registriert, die im Mai 2018 in Kraft getreten sind.<\/p>\n<h2>Sammlung und Verwendung von Informationen<\/h2>\n<p>Als allgemeine Richtlinie werden auf dieser Website keine personenbezogenen Daten wie Name, Adresse, Telefonnummer (n) oder E-Mail-Adresse angefordert oder gesammelt. Wenn Sie sich jedoch daf\u00fcr entscheiden, Waren zu kaufen oder ein Konto auf dieser Website zu erstellen, werden Sie aufgefordert, uns bestimmte personenbezogene Daten wie Ihren Namen, Ihre Heimat- oder Postanschrift, Telefonnummer (n) oder E-Mail-Adresse anzugeben. Personenbezogene Daten werden nicht verkauft und ohne Ihre Zustimmung nicht an Dritte weitergegeben. Aus rechtlichen Gr\u00fcnden speichern wir den Inhalt des Vertrags im Zusammenhang mit dem Verkauf von Waren und senden Ihnen die Details Ihrer Bestellung sowie unsere allgemeinen Gesch\u00e4ftsbedingungen per E-Mail. Sie k\u00f6nnen die Verkaufsbedingungen auf der Website finden. Die Details zu Ihren letzten Bestellungen finden Sie in Ihrem Kunden-Login oder indem Sie uns auf andere Weise kontaktieren. Ihre pers\u00f6nlichen Daten werden verwendet, um Ihnen die Informationen, Waren und Dienstleistungen, die auf der Website angeboten werden, zur Rechnungsstellung und Auftragsabwicklung zur Verf\u00fcgung zu stellen. Dar\u00fcber hinaus werden Ihre Daten, wie Ihre E-Mail-Adresse, von Cosy Owl nur f\u00fcr Marketingzwecke verwendet, um Sie \u00fcber Angebote oder Angebote, die Sie interessieren k\u00f6nnten, auf dem Laufenden zu halten. Beachten Sie, dass Sie dies freiwillig tun m\u00fcssen Geben Sie Ihre Daten niemals an Dritte weiter, au\u00dfer wenn dies f\u00fcr die Auftragsabwicklung erforderlich ist, z. B. wenn ein Kurierdienst Ihren Namen, Ihre Adresse und manchmal die Telefonnummer zur Zustellung ben\u00f6tigt Waren, die Sie bei uns bestellt haben. Bitte z\u00f6gern Sie nicht, uns zu kontaktieren, wenn Sie weitere Informationen dar\u00fcber ben\u00f6tigen, welche Informationen von uns gespeichert werden und \/ oder ob Sie m\u00f6chten, dass wir Ihre Daten aus unserem System l\u00f6schen. Informationen, die sich direkt auf Kundenauftr\u00e4ge beziehen, k\u00f6nnen nicht gel\u00f6scht werden, da diese Auftr\u00e4ge von der Gesellschaft aus rechtlichen Gr\u00fcnden ben\u00f6tigt werden (f\u00fcr einen Zeitraum von 7 Jahren). Bitte erlauben Sie bis zu f\u00fcnf Arbeitstage f\u00fcr die L\u00f6schung von Informationen (obwohl dies normalerweise fr\u00fcher geschehen kann). Sie haben das Recht, eine Kopie aller Informationen zu erhalten, die Cosy Owl \u00fcber Sie besitzt &#8211; eine Geb\u00fchr von 10,00 \u00a3 kann zur Deckung der Verwaltungskosten erhoben werden, die mit dem Sammeln und Senden dieser Informationen an Sie verbunden sind. Wenn Sie eine Beschwerde in Bezug auf das Halten und Verarbeiten von Informationen \u00fcber sich selbst haben, kontaktieren Sie uns bitte in erster Instanz und wir sind sicher, dass wir Ihre Beschwerde sofort und zu Ihrer Zufriedenheit l\u00f6sen k\u00f6nnen. In dem unwahrscheinlichen Fall, dass wir dazu nicht in der Lage sind, k\u00f6nnen Sie sich an das ICO (B\u00fcro f\u00fcr Information Commissioner) wenden, um sich zu beschweren &#8211; Kontaktdaten finden Sie unter https:\/\/ico.org.uk\/. Das ICO wird dann Cosy Owl kontaktieren und eine Vorgehensweise empfehlen, um Ihre Beschwerde angemessen zu behandeln.<\/p>\n<h2>Sicherheit<\/h2>\n<p>Sicherheit f\u00fcr alle pers\u00f6nlich identifizierbaren Informationen ist extrem wichtig f\u00fcr uns. Aus diesem Grund verwenden wir die neueste SSL (Secure Socket Layer) Verschl\u00fcsselungstechnologie. Leider kann keine Daten\u00fcbertragung \u00fcber das Internet garantiert 100% sicher sein. Aus diesem Grund kann Cozy Owl, w\u00e4hrend wir uns bem\u00fchen, Ihre pers\u00f6nlichen Daten zu sch\u00fctzen, die Sicherheit von Informationen, die Sie uns \u00fcbermitteln, nicht garantieren oder garantieren, und Sie tun dies auf Ihr eigenes Risiko. Sobald wir Ihre &#8222;\u00dcbertragung&#8220; erhalten haben (Informationen, die uns zur Verf\u00fcgung gestellt werden), unternehmen wir alle m\u00f6glichen Anstrengungen, um ihre Sicherheit auf unseren Systemen zu gew\u00e4hrleisten.<\/p>\n<h2>Altersbezogener Zugang<\/h2>\n<p>Diese Website richtet sich nicht an Personen unter 18 Jahren.<\/p>\n<h2>Website-Cookies<\/h2>\n<p>Cookies sind Teile von Informationen, die von einer Website \u00fcbertragen und auf der Festplatte Ihres Computers gespeichert werden. Cookies k\u00f6nnen uns mitteilen, welche Teile der Website Sie besuchen und wie lange Sie dort verweilen. So k\u00f6nnen wir die Website an die Pr\u00e4ferenzen unserer bestehenden und zuk\u00fcnftigen Kunden anpassen. Cookies enthalten keine pers\u00f6nlich identifizierbaren Informationen. Dar\u00fcber hinaus k\u00f6nnen Sie Cookies auf der Website blockieren. Die Daten werden \u00fcber die Website mithilfe der Webanalyse-Tools AddThis und Google Analytics gesammelt und mithilfe von Cookies werden Pseudonyme f\u00fcr Nutzerprofile generiert.<\/p>\n<h2>Links zu nicht verbundenen Websites<\/h2>\n<p>Cosy Owl ist nicht verantwortlich f\u00fcr den Inhalt oder die Praktiken von nicht verbundenen Drittanbieter-Websites, die mit oder von dieser Site verlinkt sein k\u00f6nnen. Es wird empfohlen, dass Sie bei Besuchen auf Websites von Drittanbietern auf die entsprechenden Datenschutzrichtlinien und -praktiken dieser Websites zugreifen, bevor Sie Inhalte anzeigen oder K\u00e4ufe von Waren oder Dienstleistungen t\u00e4tigen, die mit der Website von Drittanbietern verkn\u00fcpft sind.<\/p>\n<h2>Zustimmung zur Pflege und Verarbeitung personenbezogener Daten<\/h2>\n<p>Durch die Nutzung dieser Website erkl\u00e4ren Sie sich mit der Verarbeitung Ihrer pers\u00f6nlichen Daten im Zusammenhang mit dem Kauf unserer Waren in Gro\u00dfbritannien eindeutig einverstanden. Eine Erinnerung an einen fr\u00fcheren Punkt, dass Kunden Details dar\u00fcber verlangen k\u00f6nnen, welche Informationen von Cosy Owl gespeichert und verwendet werden d\u00fcrfen, und die Einwilligung widerrufen, jederzeit auf diese Informationen zuzugreifen und diese zu verwenden. Bitte beachten Sie, dass alle Informationen, die mit der Bezahlung von Waren, die Sie bei Cozy Owl gekauft haben, zusammenh\u00e4ngen, nicht auf unserem Computersystem oder auf Papierunterlagen gespeichert sind. Diese Information wird nur zu dem Zeitpunkt verwendet, an dem der Verkauf stattfindet.<\/p>\n<h2>Kontaktiere uns<\/h2>\n<p>Wenn Sie Fragen oder Bedenken zu dieser Datenschutzerkl\u00e4rung, den allgemeinen Praktiken von Cosy Owl oder Ihrer Interaktion mit der Website haben, z\u00f6gern Sie bitte nicht, uns per E-Mail, Telefon oder schriftlich zu kontaktieren. Wir freuen uns \u00fcber Vorschl\u00e4ge, die Sie machen m\u00f6chten.<\/p>\n<h2>Ihre Annahme dieser Bedingungen<\/h2>\n<p>Durch die Nutzung dieser Website erkl\u00e4ren Sie sich mit den Datenschutzrichtlinien dieses Unternehmens einverstanden. Wenn Sie dieser Richtlinie nicht zustimmen, k\u00f6nnen Sie nach eigenem Ermessen den Kauf ablehnen. Cosy Owl beh\u00e4lt sich das Recht vor, diese Richtlinie jederzeit zu \u00e4ndern, zu \u00e4ndern oder anderweitig zu aktualisieren; Daher sollten Sie diese Richtlinie von Zeit zu Zeit \u00fcberpr\u00fcfen, wenn Sie dies vor oder w\u00e4hrend eines Kaufs f\u00fcr erforderlich halten. Ihre fortgesetzte Nutzung der Website nach der Ver\u00f6ffentlichung von \u00c4nderungen an diesen Bedingungen bedeutet, dass Sie diese \u00c4nderungen akzeptieren.<\/p>\n","protected":false},"excerpt":{"rendered":"<p>Willkommen bei Cosy Owl. Cosy Owl unterh\u00e4lt diese Website (die &#8222;Site&#8220;) f\u00fcr Ihren pers\u00f6nlichen Gebrauch und bietet Informationen zu unseren Produkten und Dienstleistungen. Cosy Owl respektiert die Datenschutzbedenken der Nutzer der Website und hat diese Datenschutzerkl\u00e4rung erstellt, um zu erkl\u00e4ren, welche Informationen wir von Ihrem Besuch auf der Website erhalten und wie diese Informationen verwendet [&hellip;]<\/p>\n","protected":false},"author":1,"featured_media":0,"parent":0,"menu_order":0,"comment_status":"closed","ping_status":"open","template":"","meta":{"_acf_changed":false,"footnotes":""},"class_list":["post-3","page","type-page","status-publish","hentry"],"acf":[],"_links":{"self":[{"href":"https:\/\/cosyowl.com\/de\/wp-json\/wp\/v2\/pages\/3","targetHints":{"allow":["GET"]}}],"collection":[{"href":"https:\/\/cosyowl.com\/de\/wp-json\/wp\/v2\/pages"}],"about":[{"href":"https:\/\/cosyowl.com\/de\/wp-json\/wp\/v2\/types\/page"}],"author":[{"embeddable":true,"href":"https:\/\/cosyowl.com\/de\/wp-json\/wp\/v2\/users\/1"}],"replies":[{"embeddable":true,"href":"https:\/\/cosyowl.com\/de\/wp-json\/wp\/v2\/comments?post=3"}],"version-history":[{"count":0,"href":"https:\/\/cosyowl.com\/de\/wp-json\/wp\/v2\/pages\/3\/revisions"}],"wp:attachment":[{"href":"https:\/\/cosyowl.com\/de\/wp-json\/wp\/v2\/media?parent=3"}],"curies":[{"name":"wp","href":"https:\/\/api.w.org\/{rel}","templated":true}]}}