{"id":20235,"date":"2022-07-29T17:24:05","date_gmt":"2022-07-29T16:24:05","guid":{"rendered":"https:\/\/cosyowl.com\/de\/?page_id=20235"},"modified":"2023-06-29T13:50:26","modified_gmt":"2023-06-29T12:50:26","slug":"klarna-zahlungen","status":"publish","type":"page","link":"https:\/\/cosyowl.com\/de\/klarna","title":{"rendered":"Klarna-Zahlungen"},"content":{"rendered":"<ul>\n<li>Teilen Sie die Kosten Ihres Einkaufs auf 3 gleiche Zahlungen auf.<\/li>\n<li>Jede Zahlung wird monatlich automatisch von Ihrer gew\u00e4hlten Zahlungskarte abgebucht. Keine Zinsen, Geb\u00fchren oder Geb\u00fchren f\u00fcr versp\u00e4tete Zahlung.<\/li>\n<li>1. Rate beim Kauf. 2. Rate nach 30 Tagen. 3. Zahlung nach 60 Tagen.<\/li>\n<\/ul>\n<h2>Wer ist Klarna?<\/h2>\n<p>Klarna ist ein schwedischer Zahlungsdienstleister, der die End-to-End-Verantwortung f\u00fcr Ihre Zahlung \u00fcbernimmt. Klarna ist der Anbieter reibungsloser Zahlungen f\u00fcr mehr als 200.000 Online-Shops. \u00dcber 90 Millionen Verbraucher weltweit vertrauen Klarna bei der sicheren Abwicklung ihrer Zahlungen.<\/p>\n<h2>Wie funktioniert Zahlung sp\u00e4ter in 30 Tagen?<\/h2>\n<p>\u201eSp\u00e4ter bezahlen in 30 Tagen\u201c ist eine Kreditform, die es Ihnen erm\u00f6glicht, die Zahlung Ihres Kaufs um 30 Tage zu verz\u00f6gern. Sobald Ihre Bestellung best\u00e4tigt ist, erhalten Sie von Klarna innerhalb von zwei Tagen eine E-Mail mit Zahlungsanweisungen. Sie haben dann 30 Tage Zeit, Ihre Bestellung anzuprobieren und bezahlen erst, wenn Sie zufrieden sind. Schlie\u00dfen Sie die Zahlung bequem online ab, ohne zus\u00e4tzliche Kosten. Sie k\u00f6nnen per Kredit- oder Debitkarte bezahlen<br \/>\nKlarna.app oder indem Sie sich bei <a href=\"https:\/\/www.klarna.com\/de\/\" target=\"_blank\" rel=\"noopener\">www.klarna.com\/de<\/a> anmelden<\/p>\n<h2>Bin ich sp\u00e4ter in 30 Tagen zahlungsberechtigt?<\/h2>\n<p>Um \u201eSp\u00e4ter in 30 Tagen bezahlen\u201c nutzen zu k\u00f6nnen, m\u00fcssen Sie mindestens 18 Jahre alt sein. Obwohl diese Option weit verbreitet ist, h\u00e4ngt \u201eSp\u00e4ter in 30 Tagen bezahlen\u201c von Ihren finanziellen Verh\u00e4ltnissen ab. Wenn Sie Sp\u00e4ter in 30 Tagen bezahlen w\u00e4hlen, wirkt sich unsere Bewertung nicht auf Ihre Kreditw\u00fcrdigkeit aus.<\/p>\n<h2>Wie kann ich meine Chancen erh\u00f6hen, sp\u00e4ter in 30 Tagen f\u00fcr Pay akzeptiert zu werden?<\/h2>\n<p>Klarna ist einzigartig und bietet Zahlung sp\u00e4ter in 30 Tagen basierend auf einer Reihe von Faktoren wie dem Bestellwert, dem bisherigen Bestellverlauf und der Artikelverf\u00fcgbarkeit an. Wenn Sie 18 Jahre oder \u00e4lter sind, k\u00f6nnen Sie Ihre Chancen verbessern, Pay later in 30 Tagen anzubieten, indem Sie sicherstellen, dass Sie Ihren vollst\u00e4ndigen Namen und genaue Adressdaten angeben und den Versand an Ihre registrierte Rechnungsadresse arrangieren. Alle Bestellungen werden individuell bewertet. Nur weil Sie sp\u00e4ter als 30 Tage zuvor f\u00fcr Pay akzeptiert wurden, bedeutet das nicht, dass es f\u00fcr jede Bestellung angeboten wird. Wenn Ihr Zahlungsantrag sp\u00e4ter innerhalb von 30 Tagen abgelehnt wird, bedeutet dies wiederum nicht, dass er f\u00fcr zuk\u00fcnftige Bestellungen abgelehnt wird.<\/p>\n<h2>Wird eine Kreditsuche gegen mich stattfinden?<\/h2>\n<p>Klarna kann sogenannte nicht aufgezeichnete Anfragen (oder Soft-Credit-Suchen) durchf\u00fchren, die sich nicht auf die Bonit\u00e4tsbewertung auswirken und nur f\u00fcr Sie und Klarna, aber nicht f\u00fcr andere Kreditgeber sichtbar sind. Weder Klarna noch Cosy Owl f\u00fchren Bonit\u00e4tspr\u00fcfungen gegen Sie durch, die sich auf Ihre Kreditw\u00fcrdigkeit auswirken k\u00f6nnten.<\/p>\n<h2>Warum wurde mir keine Zahlung sp\u00e4ter in 30 Tagen angeboten?<\/h2>\n<p>Obwohl die Zahlung sp\u00e4ter in 30 Tagen weithin beworben wird, ist sie nicht immer \u00fcberall verf\u00fcgbar. Die Methode &#8222;Sp\u00e4ter in 30 Tagen bezahlen&#8220; wird automatisch von Algorithmen generiert, die von einer Reihe von Faktoren abh\u00e4ngen, darunter Bestellmenge, Online-Shop, bisheriger Bestellverlauf und Artikelverf\u00fcgbarkeit. Alternativ k\u00f6nnen Sie Ihre Bestellung auch per Kredit- oder Debitkarte an der Kasse abschlie\u00dfen.<\/p>\n<h2>Welche Zahlungsm\u00f6glichkeiten habe ich mit Klarna?<\/h2>\n<p>Sie k\u00f6nnen direkt an der Kasse mit EC- oder Kreditkarte bezahlen oder unsere Zahlungsoption \u201eSp\u00e4ter in 30 Tagen bezahlen\u201c nutzen, bei der Sie die Ware nach Erhalt per Kreditkarte oder EC-Karte bezahlen k\u00f6nnen. Sie k\u00f6nnen Ihre ausstehenden Zahlungen jederzeit in der Klarna-App \u00fcberwachen.<\/p>\n<h2>Was passiert, wenn ich meine Bestellung storniere oder zur\u00fccksende?<\/h2>\n<p>Sobald Cosy Owl Ihre Stornierung\/R\u00fcckgabe akzeptiert hat, wird Klarna die Abrechnung stornieren oder Ihre Zahlung zur\u00fcckerstatten. Die R\u00fccksendung wird sofort in der Klarna-App angezeigt.<\/p>\n<h2>Was passiert, wenn ich meine Bestellung nicht bezahle?<\/h2>\n<p>Die Zahlung ist 30 Tage nach Versand der Ware f\u00e4llig. Damit Sie rechtzeitig zahlen k\u00f6nnen, benachrichtigen wir Sie zwei Tage vor F\u00e4lligkeit der Zahlung \u2013 Sie erhalten eine Push-Benachrichtigung von der Klarna-App oder E-Mail-Erinnerungen zur Zahlung \u2013 und, falls es sehr sp\u00e4t ist, senden wir Ihnen auch eine SMS oder auch Brief. F\u00fcr versp\u00e4tete und\/oder vers\u00e4umte R\u00fcckzahlung(en) werden Ihnen keine Geb\u00fchren oder Zinsen berechnet. Ihre Kreditw\u00fcrdigkeit wird durch die Verwendung von Klarnas \u201eSp\u00e4ter in 30 Tagen bezahlen\u201c-Produkt nicht beeintr\u00e4chtigt, selbst wenn Sie nicht rechtzeitig bezahlt haben. Wenn Sie nicht rechtzeitig zahlen, geraten Sie in Verzug und k\u00f6nnen die Dienste von Klarna m\u00f6glicherweise in Zukunft nicht mehr nutzen. Wenn Sie Ihren Einkauf nicht bezahlen, kann Klarna ein externes Inkassounternehmen mit der Einziehung in unserem Namen beauftragen. Inkassob\u00fcros werden als letztes Mittel eingesetzt.<\/p>\n<h2>Ich wurde gebeten, die Klarna-Website aufzurufen. Ist das richtig?<\/h2>\n<p>Wenn Sie sich f\u00fcr eine sp\u00e4tere Zahlung innerhalb von 30 Tagen entschieden haben, sendet Klarna Ihnen eine E-Mail mit weiteren Einzelheiten zur Zahlungsweise. Ihre E-Mail enth\u00e4lt einen Link zu Klarna, wo Sie Ihre Zahlung mit Ihrer Kredit- oder Debitkarte begleichen k\u00f6nnen. Sie k\u00f6nnen Zahlungsanweisungen jederzeit in der Klarna-App einsehen.<\/p>\n<h2>Was muss ich beim Kauf angeben?<\/h2>\n<p>Wenn Sie mit Klarna einkaufen m\u00f6chten, m\u00fcssen Sie Ihren Namen, Ihre Adresse und Ihre E-Mail-Adresse angeben. Bei einigen Bestellungen m\u00fcssen Sie m\u00f6glicherweise auch Ihre Handynummer oder Ihr Geburtsdatum angeben. Alle Informationen werden an Ihre E-Mail-Adresse gesendet, einschlie\u00dflich Zahlungserinnerungen und Links zu Ihren Online-Kontoausz\u00fcgen. Es ist sehr wichtig, dass Sie uns die richtigen Angaben machen, da Sie sonst keine Zahlungsinformationen erhalten.<\/p>\n<h2>Sind meine Zahlungsinformationen sicher?<\/h2>\n<p>Zahlungsinformationen werden von Klarna sicher verarbeitet. Es werden keine Kartendaten \u00fcbertragenan oder gehalten von Cosy Owl. Alle Transaktionen finden \u00fcber Verbindungen statt, die mit den neuesten Sicherheitsprotokollen nach Industriestandard gesichert sind.<\/p>\n<h2>Kann ich vor dem F\u00e4lligkeitsdatum bezahlen?<\/h2>\n<p>Sie k\u00f6nnen Ihre Bestellung jederzeit bezahlen, nachdem Sie die E-Mail von Klarna mit den Details Ihrer Zahlung erhalten haben. Folgen Sie einfach den Anweisungen in dieser E-Mail oder in der Klarna-App, um Ihre Bestellung zu bezahlen.<\/p>\n<h2>Haben Sie meine Zahlung erhalten?<\/h2>\n<p>Wenn Sie mit Karte bezahlen, best\u00e4tigt Cosy Owl Ihre Bestellung sofort. Wenn Sie sp\u00e4ter in 30 Tagen per Pay bezahlen, sendet Klarna Ihnen eine Zahlungsbest\u00e4tigung an die E-Mail-Adresse, die Sie f\u00fcr Ihre Bestellung verwendet haben. Wenn Sie eine Zahlung get\u00e4tigt, aber keine Zahlungsbest\u00e4tigung erhalten haben, k\u00f6nnen Sie den Status Ihrer Bestellung und Zahlungen jederzeit \u00fcberpr\u00fcfen, indem Sie sich bei der Klarna-App anmelden oder <a href=\"https:\/\/www.klarna.com\/de\/\" target=\"_blank\" rel=\"noopener\">www.klarna.com\/de<\/a>.<\/p>\n<h2>Was passiert mit meiner Rechnung, wenn ich die Ware zur\u00fcckgesendet habe?<\/h2>\n<p>Sobald Cosy Owl die R\u00fccksendung (teilweise oder vollst\u00e4ndig) erhalten hat und Sie ihre Best\u00e4tigung dar\u00fcber erhalten haben, wird Ihnen von Klarna eine aktualisierte Erkl\u00e4rung zugesandt, wenn Sie eine Teilr\u00fccksendung vorgenommen haben. Mit einer vollst\u00e4ndigen R\u00fccksendung wird Ihre Abrechnung geschlossen. Sie k\u00f6nnen den Status Ihrer Bestellung jederzeit in der Klarna-App verfolgen.<\/p>\n<h2>Ich habe eine Rechnung erhalten, aber meine Ware noch nicht erhalten.<\/h2>\n<p>Sie haben 30 Tage Zeit, um zu bezahlen, m\u00fcssen also nicht sofort bezahlen. Wenn Ihr F\u00e4lligkeitsdatum naht und es keine Anzeichen Ihrer Ware gibt, rufen Sie bitte Cosy Owl an, um die Lieferung zu \u00fcberpr\u00fcfen. Sie k\u00f6nnen sich auch an den Kundenservice von Klarna wenden, damit wir das F\u00e4lligkeitsdatum Ihrer Zahlung verschieben oder die Bestellung in der Klarna-App zur\u00fcckstellen k\u00f6nnen, w\u00e4hrend Sie auf die Ankunft der Ware warten.<\/p>\n<h2>Ich habe meine Bestellung storniert. Wie lange dauert es, bis ich meine R\u00fcckerstattung erhalte?<\/h2>\n<p>Sobald das Gesch\u00e4ft Ihre Stornierung oder Ihre R\u00fccksendung registriert hat, wird die R\u00fcckerstattung innerhalb von 5 Werktagen bearbeitet.<\/p>\n<h2>Ich habe um eine R\u00fcckerstattung gebeten. Wie erhalte ich eine R\u00fcckerstattung?<\/h2>\n<p>Wenn Sie Ihre Bestellung mit einer Karte bezahlt haben, erfolgt die R\u00fcckerstattung auf dieselbe Karte. Wenn Sie die Abrechnung noch nicht bezahlt haben, reduziert die R\u00fcckerstattung die Abrechnung oder storniert sie vollst\u00e4ndig. Ich habe keine E-Mail mit meinen Abrechnungs-\/Zahlungsinformationen erhalten. Sie k\u00f6nnen sich in der Klarna-App oder unter <a href=\"https:\/\/www.klarna.com\/de\/\" target=\"_blank\" rel=\"noopener\">www.klarna.com\/de<\/a> anmelden, wo Sie alle Ihre Bestellungen und Informationen zum Zahlungsplan finden.<\/p>\n<h2>Ich habe noch Fragen zur Zahlung, wie kann ich mich mit Ihnen in Verbindung setzen?<\/h2>\n<p>Besuchen Sie die Klarna-Kundendienstseite der Klarna-App, um eine vollst\u00e4ndige Liste mit h\u00e4ufig gestellten Fragen, Live-Chat und Telefonoptionen zu erhalten.<\/p>\n<p>Klarnas [Zahlung in 3 Raten] [und] [Zahlung in 30 Tagen] sind nicht regulierte Kreditvertr\u00e4ge. Wenn Sie mehr Kredite aufnehmen, als Sie sich leisten k\u00f6nnen, oder wenn Sie zu sp\u00e4t zahlen, kann sich dies negativ auf Ihre finanzielle Situation und Ihre F\u00e4higkeit, einen Kredit zu erhalten, auswirken. 18+, nur Einwohner des Vereinigten K\u00f6nigreichs. Je nach Status. <a href=\"https:\/\/www.klarna.com\/uk\/terms-and-conditions\/\" target=\"_blank\" rel=\"noopener\">Es gelten die AGB und Versp\u00e4tungsgeb\u00fchren<\/a>.<\/p>\n","protected":false},"excerpt":{"rendered":"<p>Teilen Sie die Kosten Ihres Einkaufs auf 3 gleiche Zahlungen auf. Jede Zahlung wird monatlich automatisch von Ihrer gew\u00e4hlten Zahlungskarte abgebucht. Keine Zinsen, Geb\u00fchren oder Geb\u00fchren f\u00fcr versp\u00e4tete Zahlung. 1. Rate beim Kauf. 2. Rate nach 30 Tagen. 3. Zahlung nach 60 Tagen. Wer ist Klarna? Klarna ist ein schwedischer Zahlungsdienstleister, der die End-to-End-Verantwortung f\u00fcr [&hellip;]<\/p>\n","protected":false},"author":3,"featured_media":0,"parent":0,"menu_order":0,"comment_status":"closed","ping_status":"closed","template":"","meta":{"_acf_changed":false,"footnotes":""},"class_list":["post-20235","page","type-page","status-publish","hentry"],"acf":[],"_links":{"self":[{"href":"https:\/\/cosyowl.com\/de\/wp-json\/wp\/v2\/pages\/20235","targetHints":{"allow":["GET"]}}],"collection":[{"href":"https:\/\/cosyowl.com\/de\/wp-json\/wp\/v2\/pages"}],"about":[{"href":"https:\/\/cosyowl.com\/de\/wp-json\/wp\/v2\/types\/page"}],"author":[{"embeddable":true,"href":"https:\/\/cosyowl.com\/de\/wp-json\/wp\/v2\/users\/3"}],"replies":[{"embeddable":true,"href":"https:\/\/cosyowl.com\/de\/wp-json\/wp\/v2\/comments?post=20235"}],"version-history":[{"count":0,"href":"https:\/\/cosyowl.com\/de\/wp-json\/wp\/v2\/pages\/20235\/revisions"}],"wp:attachment":[{"href":"https:\/\/cosyowl.com\/de\/wp-json\/wp\/v2\/media?parent=20235"}],"curies":[{"name":"wp","href":"https:\/\/api.w.org\/{rel}","templated":true}]}}