{"id":11268,"date":"2021-08-20T12:33:51","date_gmt":"2021-08-20T11:33:51","guid":{"rendered":"https:\/\/cosyowl.com\/de\/?page_id=11268"},"modified":"2021-08-20T12:33:51","modified_gmt":"2021-08-20T11:33:51","slug":"machen-wir-es-uns-nachhaltig-gemutlich","status":"publish","type":"page","link":"https:\/\/cosyowl.com\/de\/nachhaltigkeit","title":{"rendered":"Machen wir es uns nachhaltig gem\u00fctlich"},"content":{"rendered":"<p>Hier bei Cosy Owl nehmen wir Nachhaltigkeit ernst. Wir arbeiten fortw\u00e4hrend mit unseren Zulieferern daran, unn\u00f6tige Transportwege zu vermeiden, indem wir unsere Materialien, soweit m\u00f6glich, aus lokaler Herkunft und Produktion beziehen. Deshalb arbeiten wir nur mit Zulieferern zusammen, die nach ethischen und nachhaltigen Grunds\u00e4tzen operieren und die qualitativ hochwertige Produkte herstellen, welche unsere Kunden so lieben und von uns erwarten.<\/p>\n<h2>Unsere Verpflichtungen<\/h2>\n<p style=\"font-size: 1.2em; margin-bottom: 2em; font-style: italic; color: #666\">&#8222;Wir verpflichten uns, ein Branchenf\u00fchrer f\u00fcr nachhaltig bezogene Materialien f\u00fcr Heimwerken und Kunsthandwerk zu werden.&#8220;<\/p>\n<\/p>\n<p>Um dieses Ziel zu erreichen, \u00fcberpr\u00fcfen wir st\u00e4ndig unsere Arbeitsprozesse und Praktiken:<\/p>\n<ul>\n<li>Wir wollen bis Ende 2021 auf Verpackungen umstellen, die zu <strong>98% plastikfrei sind<\/strong>. Bei der Auftragsabwicklung benutzen wir bereits recycelbare Verpackungen.<\/li>\n<li>Unsere neuen, zu <strong>100% biologisch abbaubaren Taschen<\/strong> werden bis September 2021 die letzten Plastikanteile in unseren Verpackungen ersetzen.<\/li>\n<li>Wir haben uns auch fest zur Verwendung nat\u00fcrlicher Tr\u00e4ger\u00f6le aus ethisch unbedenklicher Herkunft verpflichtet, die von Organisationen wie der RSPO (Roundtable on Sustainable Palm Oil) zertifiziert sind.<\/li>\n<li>Soweit m\u00f6glich beziehen wir <strong>100% nachwachsende Inhaltsstoffe<\/strong>.<\/li>\n<li>Unsere <strong>Kuriere sind mit Preisen ausgezeichnet<\/strong> und weltweit f\u00fchrend in der Reduktion der Umweltbelastungen durch ihre T\u00e4tigkeiten.<\/li>\n<li>Wir arbeiten mit den weltweit f\u00fchrenden Anbietern von nat\u00fcrlichen Duftinhaltsstoffen zusammen, um zu gew\u00e4hrleisten, dass diese den in der Branche geltenden <strong>h\u00f6chsten Standards f\u00fcr ethisch unbedenkliche Herkunft und nachhaltige Beschaffung<\/strong> entsprechen.<\/li>\n<li>Wir verwenden <strong>ausschlie\u00dflich \u00d6kostrom<\/strong>, wir beheizen unsere Betriebsanlagen mithilfe nachhaltiger Energie und wir haben Arbeitsverfahren entwickelt, die die \u00f6kologischen Auswirkungen unserer T\u00e4tigkeiten minimieren.<\/li>\n<li><strong>Wir werden von Plastikflaschen<\/strong> auf Glas- und Aluminiumflaschen f\u00fcr unsere Duft\u00f6le umstellen. Wir haben bereits mit diesem Prozess begonnen und werden ihn bis zum Jahresende fortsetzen, bis die Umstellung abgeschlossen ist.<\/li>\n<li>Nicht zuletzt <strong>verpflichten wir uns, aktuelle und sachbezogene Information<\/strong> f\u00fcr unsere Kunden bereitzustellen.<\/li>\n<\/ul>\n<p>Bleiben Sie bez\u00fcglich unseres anhaltenden Engagements auf dem neuesten Stand. Abonnieren Sie unseren Newsletter in der Fu\u00dfzeile unten.<\/p>\n<h2>Ein auf Fakten basierender Ansatz<\/h2>\n<p style=\"font-size: 1.2em; margin-bottom: 2em; font-style: italic; color: #666\">&#8222;Fehlinformation ist eine der gr\u00f6\u00dften H\u00fcrden f\u00fcr Nachhaltigkeit&#8220;<\/p>\n<p>F\u00fcr alle unsere Produkte, die als &#8218;<strong>tierversuchsfrei<\/strong>&#8218; und &#8218;<strong>veganfreundlich<\/strong>&#8218; gekennzeichnet sind, liegen vollst\u00e4ndige Nachweise vor, angefangen mit der Belieferung, \u00fcber die Produktion bis hin zum Versand.<\/p>\n<p>Sofern es f\u00fcr von uns verwendete Produkte Bedenken bez\u00fcglich ihrer Nachhaltigkeit gibt, wie zum Beispiel <strong>Sojawachs<\/strong>, werden wir sicherstellen, dass wir Nachweise von den jeweiligen Zulieferern haben, die belegen, dass ihr Produkt ausschlie\u00dflich aus nachhaltigen Quellen bezogen wird.<\/p>\n<p>Viele der gebr\u00e4uchlichen Begriffe und Konzepte k\u00f6nnen missverst\u00e4ndlich sein, wenn man sich nicht gr\u00fcndlich mit ihnen besch\u00e4ftigt. Deshalb halten wir unseren <a href=\"https:\/\/www.cosyowl.com\/guides\/de\/\">Blog<\/a> mit Artikeln, n\u00fctzlichen Anleitungen und Bildungsmaterialien sowie Informationen \u00fcber Nachhaltigkeit, Produkte, Prozesse und vieles mehr auf dem neuesten Stand.<\/p>\n<p>Wissen Sie, was Begriffe wie &#8218;<strong>naturidentisch<\/strong>&#8218;, &#8218;<strong>biologisch bzw. Bio<\/strong>&#8218; und viele andere bedeuten? Glauben Sie, dass Sojawachs ein nachhaltiges Produkt ist? <\/p>\n<p>Erfahren Sie mehr \u00fcber Nachhaltigkeit und die Kunsthandwerks- und Heimwerkerbranche in diesen Artikeln:<\/p>\n<ul>\n<li><a href=\"https:\/\/www.cosyowl.com\/guides\/key-terms\/\">Schl\u00fcsselbegriffe<\/a><\/li>\n<li><a href=\"https:\/\/www.cosyowl.com\/guides\/the-truth-about-paraffin-wax-being-vegan-friendly\/\">Die Wahrheit dar\u00fcber, ob Paraffinwachs veganfreundlich ist<\/a><\/li>\n<li><a href=\"https:\/\/www.cosyowl.com\/guides\/soy-wax-for-candle-making-a-beginners-guide\/\">Sojawachs f\u00fcr die Kerzenherstellung. Eine Anleitung f\u00fcr Anf\u00e4nger<\/a><\/li>\n<\/ul>\n<p><strong>Lassen Sie uns eine nachhaltige Zukunft erschaffen!<\/strong><\/p>\n","protected":false},"excerpt":{"rendered":"<p>Hier bei Cosy Owl nehmen wir Nachhaltigkeit ernst. Wir arbeiten fortw\u00e4hrend mit unseren Zulieferern daran, unn\u00f6tige Transportwege zu vermeiden, indem wir unsere Materialien, soweit m\u00f6glich, aus lokaler Herkunft und Produktion beziehen. Deshalb arbeiten wir nur mit Zulieferern zusammen, die nach ethischen und nachhaltigen Grunds\u00e4tzen operieren und die qualitativ hochwertige Produkte herstellen, welche unsere Kunden so [&hellip;]<\/p>\n","protected":false},"author":3,"featured_media":0,"parent":0,"menu_order":0,"comment_status":"closed","ping_status":"closed","template":"","meta":{"_acf_changed":false,"footnotes":""},"class_list":["post-11268","page","type-page","status-publish","hentry"],"acf":[],"_links":{"self":[{"href":"https:\/\/cosyowl.com\/de\/wp-json\/wp\/v2\/pages\/11268","targetHints":{"allow":["GET"]}}],"collection":[{"href":"https:\/\/cosyowl.com\/de\/wp-json\/wp\/v2\/pages"}],"about":[{"href":"https:\/\/cosyowl.com\/de\/wp-json\/wp\/v2\/types\/page"}],"author":[{"embeddable":true,"href":"https:\/\/cosyowl.com\/de\/wp-json\/wp\/v2\/users\/3"}],"replies":[{"embeddable":true,"href":"https:\/\/cosyowl.com\/de\/wp-json\/wp\/v2\/comments?post=11268"}],"version-history":[{"count":0,"href":"https:\/\/cosyowl.com\/de\/wp-json\/wp\/v2\/pages\/11268\/revisions"}],"wp:attachment":[{"href":"https:\/\/cosyowl.com\/de\/wp-json\/wp\/v2\/media?parent=11268"}],"curies":[{"name":"wp","href":"https:\/\/api.w.org\/{rel}","templated":true}]}}