{"id":10342,"date":"2021-01-20T13:14:59","date_gmt":"2021-01-20T13:14:59","guid":{"rendered":"https:\/\/cosyowl.com\/de\/?page_id=10342"},"modified":"2023-10-05T10:00:26","modified_gmt":"2023-10-05T09:00:26","slug":"kostenlose-lieferung","status":"publish","type":"page","link":"https:\/\/cosyowl.com\/de\/free-delivery","title":{"rendered":"Kostenlose Lieferung"},"content":{"rendered":"<p>F\u00fcr unsere Kunden in Frankreich, Deutschland, \u00d6sterreich, Belgien und den Niederlanden bieten wir ab einem Bestellwert von 250 \u20ac (ohne Mehrwertsteuer) eine kostenlose Lieferung an. Aufgrund ihres Gewichts sind im kostenlosen Versandangebot leider weder Wachs noch 12er-Packungen Brillen enthalten. Bitte stellen Sie sicher, dass Sie bei der Zahlung die Option KOSTENLOSE LIEFERUNG w\u00e4hlen, da eine R\u00fcckerstattung im Nachhinein nicht m\u00f6glich ist.<\/p>\n<p>Diese kostenlose Lieferaktion deckt die Kosten f\u00fcr den Versand eines einzelnen Pakets per Kurier ab. In F\u00e4llen, in denen zus\u00e4tzliche Versandkosten berechnet werden m\u00fcssen, wird sich ein Mitglied unseres Kundendienstteams so schnell wie m\u00f6glich am n\u00e4chsten Werktag per E-Mail mit Ihnen in Verbindung setzen.<\/p>\n","protected":false},"excerpt":{"rendered":"<p>F\u00fcr unsere Kunden in Frankreich, Deutschland, \u00d6sterreich, Belgien und den Niederlanden bieten wir ab einem Bestellwert von 250 \u20ac (ohne Mehrwertsteuer) eine kostenlose Lieferung an. Aufgrund ihres Gewichts sind im kostenlosen Versandangebot leider weder Wachs noch 12er-Packungen Brillen enthalten. Bitte stellen Sie sicher, dass Sie bei der Zahlung die Option KOSTENLOSE LIEFERUNG w\u00e4hlen, da eine [&hellip;]<\/p>\n","protected":false},"author":1,"featured_media":0,"parent":0,"menu_order":0,"comment_status":"closed","ping_status":"closed","template":"","meta":{"_acf_changed":false,"footnotes":""},"class_list":["post-10342","page","type-page","status-publish","hentry"],"acf":[],"_links":{"self":[{"href":"https:\/\/cosyowl.com\/de\/wp-json\/wp\/v2\/pages\/10342","targetHints":{"allow":["GET"]}}],"collection":[{"href":"https:\/\/cosyowl.com\/de\/wp-json\/wp\/v2\/pages"}],"about":[{"href":"https:\/\/cosyowl.com\/de\/wp-json\/wp\/v2\/types\/page"}],"author":[{"embeddable":true,"href":"https:\/\/cosyowl.com\/de\/wp-json\/wp\/v2\/users\/1"}],"replies":[{"embeddable":true,"href":"https:\/\/cosyowl.com\/de\/wp-json\/wp\/v2\/comments?post=10342"}],"version-history":[{"count":0,"href":"https:\/\/cosyowl.com\/de\/wp-json\/wp\/v2\/pages\/10342\/revisions"}],"wp:attachment":[{"href":"https:\/\/cosyowl.com\/de\/wp-json\/wp\/v2\/media?parent=10342"}],"curies":[{"name":"wp","href":"https:\/\/api.w.org\/{rel}","templated":true}]}}