{"id":10145,"date":"2021-01-11T10:48:31","date_gmt":"2021-01-11T10:48:31","guid":{"rendered":"https:\/\/cosyowl.com\/de\/wholesale-store"},"modified":"2024-07-11T16:27:29","modified_gmt":"2024-07-11T15:27:29","slug":"wholesale-store","status":"publish","type":"page","link":"https:\/\/cosyowl.com\/de\/wholesale-store","title":{"rendered":"Gro\u00dfeinkauf (Gro\u00dfhandelsgesch\u00e4ft)"},"content":{"rendered":"<div class=\"wholesaletable\"><div class=\"woocommerce\"><\/div><table id=\"wcpt_34563cb55047af3e_1\" class=\"wc-product-table woocommerce multicart-enabled\" width=\"100%\" data-config=\"{&quot;pageLength&quot;:30,&quot;pagingType&quot;:&quot;numbers&quot;,&quot;serverSide&quot;:true,&quot;autoWidth&quot;:true,&quot;clickFilter&quot;:&quot;false&quot;,&quot;scrollOffset&quot;:15,&quot;resetButton&quot;:true,&quot;multiAddToCart&quot;:true,&quot;multiCartLocation&quot;:&quot;both&quot;,&quot;variations&quot;:&quot;dropdown&quot;,&quot;ajaxCart&quot;:true,&quot;numOrder&quot;:false,&quot;stickyHeader&quot;:false,&quot;lengthMenu&quot;:[[10,25,30,50,100,-1],[10,25,30,50,100,&quot;Alle&quot;]],&quot;columnDefs&quot;:[{&quot;className&quot;:&quot;col-image&quot;,&quot;targets&quot;:0,&quot;type&quot;:&quot;html&quot;},{&quot;className&quot;:&quot;col-name&quot;,&quot;targets&quot;:1,&quot;type&quot;:&quot;html&quot;},{&quot;className&quot;:&quot;col-price&quot;,&quot;targets&quot;:2,&quot;type&quot;:&quot;html-num&quot;},{&quot;className&quot;:&quot;col-buy col-add-to-cart&quot;,&quot;targets&quot;:3,&quot;type&quot;:&quot;html&quot;}],&quot;responsive&quot;:{&quot;details&quot;:{&quot;display&quot;:&quot;child_row&quot;}},&quot;search&quot;:{&quot;search&quot;:&quot;&quot;},&quot;dom&quot;:&quot;&lt;\\&quot;wc-product-table-wrapper shoptimizer wpt-styling-theme\\&quot;&lt;\\&quot;wc-product-table-controls wc-product-table-above\\&quot;f&gt;t&lt;\\&quot;wc-product-table-controls wc-product-table-below\\&quot;lip&gt;&gt;&quot;}\" data-filters=\"{&quot;product_cat&quot;:{&quot;column&quot;:&quot;tax_product_cat&quot;,&quot;heading&quot;:&quot;Categories&quot;,&quot;terms&quot;:[{&quot;name&quot;:&quot;DISCONTINUED&quot;,&quot;slug&quot;:&quot;discontinued&quot;},{&quot;name&quot;:&quot;Neu angekommen&quot;,&quot;slug&quot;:&quot;neu&quot;},{&quot;name&quot;:&quot;Preisreduziert&quot;,&quot;slug&quot;:&quot;sale&quot;},{&quot;name&quot;:&quot;Alle D\\u00fcfte&quot;,&quot;slug&quot;:&quot;duftoele-alle-duftoele&quot;},{&quot;name&quot;:&quot;Beruhigende Duft\\u00f6le&quot;,&quot;slug&quot;:&quot;duftoele-ruhe&quot;},{&quot;name&quot;:&quot;Blumenduft\\u00f6le&quot;,&quot;slug&quot;:&quot;duftoele-blumen&quot;},{&quot;name&quot;:&quot;Designer Duft\\u00f6le&quot;,&quot;slug&quot;:&quot;duftoele-designer&quot;},{&quot;name&quot;:&quot;Duft\\u00f6l-Sets&quot;,&quot;slug&quot;:&quot;duftoele-sets&quot;},{&quot;name&quot;:&quot;Frische Duft\\u00f6le&quot;,&quot;slug&quot;:&quot;duftoele-frisch&quot;},{&quot;name&quot;:&quot;Fruchtduft\\u00f6le&quot;,&quot;slug&quot;:&quot;duftoele-frucht&quot;},{&quot;name&quot;:&quot;Fr\\u00fchlingsd\\u00fcfte&quot;,&quot;slug&quot;:&quot;fruhling&quot;},{&quot;name&quot;:&quot;Hei\\u00dfhunger Duft\\u00f6le&quot;,&quot;slug&quot;:&quot;duftoele-heisshunger&quot;},{&quot;name&quot;:&quot;Holz Duft\\u00f6le&quot;,&quot;slug&quot;:&quot;duftoele-holz&quot;},{&quot;name&quot;:&quot;Kr\\u00e4uterduft\\u00f6le&quot;,&quot;slug&quot;:&quot;duftoele-krauter&quot;},{&quot;name&quot;:&quot;Liebe Duft\\u00f6le&quot;,&quot;slug&quot;:&quot;duftoele-liebe&quot;},{&quot;name&quot;:&quot;M\\u00e4nnliche Duft\\u00f6le&quot;,&quot;slug&quot;:&quot;duftoele-mannliche&quot;},{&quot;name&quot;:&quot;Neue Duft\\u00f6le&quot;,&quot;slug&quot;:&quot;duftoele-neu&quot;},{&quot;name&quot;:&quot;Premium-Duft\\u00f6le&quot;,&quot;slug&quot;:&quot;duftoele-premium&quot;},{&quot;name&quot;:&quot;Sommerd\\u00fcfte&quot;,&quot;slug&quot;:&quot;sommerduefte&quot;},{&quot;name&quot;:&quot;S\\u00fc\\u00dfe Duft\\u00f6le&quot;,&quot;slug&quot;:&quot;duftoele-suess&quot;},{&quot;name&quot;:&quot;Tropische Duft\\u00f6le&quot;,&quot;slug&quot;:&quot;duftoele-tropisch&quot;},{&quot;name&quot;:&quot;Vanille Duft\\u00f6le&quot;,&quot;slug&quot;:&quot;duftoele-vanilla&quot;},{&quot;name&quot;:&quot;Weihnachtsduft\\u00f6le&quot;,&quot;slug&quot;:&quot;duftoele-weihnachten&quot;},{&quot;name&quot;:&quot;Zitrusduft\\u00f6le&quot;,&quot;slug&quot;:&quot;duftoele-zitrusfrucht&quot;},{&quot;name&quot;:&quot;Andere Beh\\u00e4lter&quot;,&quot;slug&quot;:&quot;kerzenbehalter-andere-behalter&quot;},{&quot;name&quot;:&quot;Kerzengl\\u00e4ser&quot;,&quot;slug&quot;:&quot;kerzenglaser&quot;},{&quot;name&quot;:&quot;Metallbeh\\u00e4lter&quot;,&quot;slug&quot;:&quot;metallbehlter&quot;},{&quot;name&quot;:&quot;\\u00c4therische \\u00d6le&quot;,&quot;slug&quot;:&quot;kerzenherstellung-lieferungen-aetherische-oele&quot;},{&quot;name&quot;:&quot;B\\u00fcndel&quot;,&quot;slug&quot;:&quot;buendel&quot;,&quot;children&quot;:[{&quot;name&quot;:&quot;Duft\\u00f6l-Sets&quot;,&quot;slug&quot;:&quot;duftoel-sets&quot;},{&quot;name&quot;:&quot;Farbb\\u00fcndel&quot;,&quot;slug&quot;:&quot;farbbuendel&quot;},{&quot;name&quot;:&quot;Glitzer-B\\u00fcndel&quot;,&quot;slug&quot;:&quot;glitzer-buendel&quot;}]},{&quot;name&quot;:&quot;Extras f\\u00fcr die Kerzenherstellung&quot;,&quot;slug&quot;:&quot;extras&quot;},{&quot;name&quot;:&quot;Glimmerpulver &amp;amp; Glitter&quot;,&quot;slug&quot;:&quot;kerzenherstellung-lieferungen-glimmerpulver-und-glitter&quot;},{&quot;name&quot;:&quot;Kerzen Selbermachen&quot;,&quot;slug&quot;:&quot;kerzen-selbermachen&quot;},{&quot;name&quot;:&quot;Kerzendochte&quot;,&quot;slug&quot;:&quot;kerzendochte&quot;},{&quot;name&quot;:&quot;Kerzenfarbstoffe&quot;,&quot;slug&quot;:&quot;kerzenfarbstoffe&quot;},{&quot;name&quot;:&quot;\\u00c4therische \\u00d6le f\\u00fcr Bart\\u00f6l&quot;,&quot;slug&quot;:&quot;bartoelherstellung-atherische-ole&quot;},{&quot;name&quot;:&quot;Duft\\u00f6le f\\u00fcr Bart\\u00f6l&quot;,&quot;slug&quot;:&quot;bartoelherstellung-duftoele&quot;},{&quot;name&quot;:&quot;Tr\\u00e4ger\\u00f6le f\\u00fcr Bart\\u00f6l&quot;,&quot;slug&quot;:&quot;bartoelherstellung-traegeroele-fuer-bartoel&quot;},{&quot;name&quot;:&quot;\\u00c4therische \\u00d6le f\\u00fcr die Haarpflege&quot;,&quot;slug&quot;:&quot;haarpflegebedarf-atherische-ole&quot;},{&quot;name&quot;:&quot;Ausr\\u00fcstung&quot;,&quot;slug&quot;:&quot;haarpflegebedarf-ausrustung&quot;},{&quot;name&quot;:&quot;Beh\\u00e4lter&quot;,&quot;slug&quot;:&quot;haarpflegebedarf-behalter&quot;},{&quot;name&quot;:&quot;Bienenwachs&quot;,&quot;slug&quot;:&quot;haarpflegebedarf-wachs&quot;},{&quot;name&quot;:&quot;Duft\\u00f6le f\\u00fcr die Haarpflege&quot;,&quot;slug&quot;:&quot;haarpflegebedarf-duftole&quot;},{&quot;name&quot;:&quot;Tr\\u00e4ger\\u00f6le f\\u00fcr die Haarpflege&quot;,&quot;slug&quot;:&quot;haarpflegebedarf-tragerole&quot;},{&quot;name&quot;:&quot;\\u00c4therische \\u00d6le f\\u00fcr die K\\u00f6rperpflege&quot;,&quot;slug&quot;:&quot;koerperpflegebedarf-atherische-ole&quot;},{&quot;name&quot;:&quot;Ausr\\u00fcstung&quot;,&quot;slug&quot;:&quot;koerperpflegebedarf-ausrustung&quot;},{&quot;name&quot;:&quot;Basis\\u00f6le und Butter f\\u00fcr die K\\u00f6rperpflege&quot;,&quot;slug&quot;:&quot;koerperpflegebedarf-basis&quot;},{&quot;name&quot;:&quot;Beh\\u00e4lter&quot;,&quot;slug&quot;:&quot;koerperpflegebedarf-behalter&quot;},{&quot;name&quot;:&quot;Duft\\u00f6le f\\u00fcr die K\\u00f6rperpflege&quot;,&quot;slug&quot;:&quot;koerperpflegebedarf-duftole&quot;},{&quot;name&quot;:&quot;\\u00c4therische \\u00d6le f\\u00fcr Lippenbalsam&quot;,&quot;slug&quot;:&quot;lippenbalsamherstellung-atherische-ole&quot;},{&quot;name&quot;:&quot;Ausr\\u00fcstung zur Herstellung von Lippenbalsam&quot;,&quot;slug&quot;:&quot;lippenbalsamherstellung-ausrustung&quot;},{&quot;name&quot;:&quot;Lippenbalsam Basis&quot;,&quot;slug&quot;:&quot;lippenbalsamherstellung-basis&quot;},{&quot;name&quot;:&quot;Lippenbalsam Farbt\\u00f6ne&quot;,&quot;slug&quot;:&quot;lippenbalsamherstellung-farbtone&quot;},{&quot;name&quot;:&quot;Lippenbalsam-Beh\\u00e4lter&quot;,&quot;slug&quot;:&quot;lippenbalsamherstellung-behalter&quot;},{&quot;name&quot;:&quot;\\u00c4therische \\u00d6le f\\u00fcr Wachs-Melts&quot;,&quot;slug&quot;:&quot;wachs-melts-atherische-ole&quot;},{&quot;name&quot;:&quot;Ausr\\u00fcstung&quot;,&quot;slug&quot;:&quot;wachs-melts-ausrustung&quot;},{&quot;name&quot;:&quot;Duft\\u00f6le f\\u00fcr Wachs-Melts&quot;,&quot;slug&quot;:&quot;wachs-melts-duftole&quot;},{&quot;name&quot;:&quot;Farbstoffe f\\u00fcr Wachs-Melts&quot;,&quot;slug&quot;:&quot;wachs-melts-farbstoffe&quot;},{&quot;name&quot;:&quot;Formen f\\u00fcr Wachs-Melts&quot;,&quot;slug&quot;:&quot;wachs-melts-formen&quot;},{&quot;name&quot;:&quot;Glimmerpulver &amp;amp; Glitzer&quot;,&quot;slug&quot;:&quot;wachs-melts-glimmerpulver-und-glitzer&quot;},{&quot;name&quot;:&quot;Wachs f\\u00fcr Wachs-Melts&quot;,&quot;slug&quot;:&quot;wachs-melts-wachs&quot;},{&quot;name&quot;:&quot;Ausr\\u00fcstung f\\u00fcr die Seifenherstellung&quot;,&quot;slug&quot;:&quot;seifenherstellung-ausrustung&quot;},{&quot;name&quot;:&quot;Basis\\u00f6le und Butter&quot;,&quot;slug&quot;:&quot;seifenherstellung-basis&quot;},{&quot;name&quot;:&quot;Duft\\u00f6le&quot;,&quot;slug&quot;:&quot;seifenherstellung-duftole&quot;},{&quot;name&quot;:&quot;Essentielle \\u00d6le&quot;,&quot;slug&quot;:&quot;seifenherstellung-atherische-ole&quot;},{&quot;name&quot;:&quot;Glimmerpulver &amp;amp; Glitter&quot;,&quot;slug&quot;:&quot;seifenherstellung-glimmerpulver-glitter&quot;},{&quot;name&quot;:&quot;Schmelz und Guss-Seife&quot;,&quot;slug&quot;:&quot;seifenherstellung-schmelz-und-guss-seife&quot;},{&quot;name&quot;:&quot;Seifenformen&quot;,&quot;slug&quot;:&quot;seifenherstellung-seifenformen&quot;},{&quot;name&quot;:&quot;Bastelbedarf zum Valentinstag&quot;,&quot;slug&quot;:&quot;valentinstag&quot;},{&quot;name&quot;:&quot;Herstellung von Osterkerzen&quot;,&quot;slug&quot;:&quot;ostern&quot;},{&quot;name&quot;:&quot;Weihnachtskerzenherstellung&quot;,&quot;slug&quot;:&quot;weihnachten&quot;},{&quot;name&quot;:&quot;Zubeh\\u00f6r zur Herstellung von Halloween-Kerzen&quot;,&quot;slug&quot;:&quot;halloween&quot;},{&quot;name&quot;:&quot;Bienenwachs kaufen&quot;,&quot;slug&quot;:&quot;bienenwachs&quot;},{&quot;name&quot;:&quot;Paraffinwachs Kaufen&quot;,&quot;slug&quot;:&quot;kerzenwachs-paraffin&quot;},{&quot;name&quot;:&quot;Sojawachs Kaufen&quot;,&quot;slug&quot;:&quot;kerzenwachs-sojawachs&quot;},{&quot;name&quot;:&quot;Wachszus\\u00e4tze&quot;,&quot;slug&quot;:&quot;wachszusaetze&quot;},{&quot;name&quot;:&quot;Diffusor-Baus\\u00e4tze&quot;,&quot;slug&quot;:&quot;diffusor-bausatze&quot;},{&quot;name&quot;:&quot;Kerzen Selbermachen&quot;,&quot;slug&quot;:&quot;kerzenherstellungssets&quot;},{&quot;name&quot;:&quot;Kits zur Herstellung von Wachsschmelzen&quot;,&quot;slug&quot;:&quot;wachs-melts-bausatze&quot;},{&quot;name&quot;:&quot;Duft\\u00f6l-Sets&quot;,&quot;slug&quot;:&quot;bundel-duftol-sets&quot;},{&quot;name&quot;:&quot;Glitzer-B\\u00fcndel&quot;,&quot;slug&quot;:&quot;bundel-glitzer-bundel&quot;},{&quot;name&quot;:&quot;Kerzenfarbstoffpaket&quot;,&quot;slug&quot;:&quot;kerzenfarbstoffpaket&quot;},{&quot;name&quot;:&quot;Reed-Diffusoren&quot;,&quot;slug&quot;:&quot;reed-diffusoren&quot;,&quot;children&quot;:[{&quot;name&quot;:&quot;\\u00c4therische \\u00d6le f\\u00fcr Diffusoren&quot;,&quot;slug&quot;:&quot;reed-diffusoren-atherische-ole&quot;},{&quot;name&quot;:&quot;Ausr\\u00fcstung&quot;,&quot;slug&quot;:&quot;ausruestung&quot;},{&quot;name&quot;:&quot;Diffusor Basis\\u00f6l&quot;,&quot;slug&quot;:&quot;reed-diffusoren-basis&quot;},{&quot;name&quot;:&quot;Diffusorflasche&quot;,&quot;slug&quot;:&quot;reed-diffusoren-diffusorflasche&quot;},{&quot;name&quot;:&quot;Duft\\u00f6le f\\u00fcr Reed-Diffusoren&quot;,&quot;slug&quot;:&quot;duftoele-fuer-reed-diffusoren&quot;},{&quot;name&quot;:&quot;St\\u00e4bchen f\\u00fcr Diffusoren&quot;,&quot;slug&quot;:&quot;reed-diffusoren-stabchen&quot;}]}],&quot;class&quot;:&quot;&quot;,&quot;searchColumn&quot;:&quot;hf_tax_product_cat&quot;},&quot;product_tag&quot;:{&quot;column&quot;:&quot;tax_product_tag&quot;,&quot;heading&quot;:&quot;Tags&quot;,&quot;terms&quot;:[{&quot;name&quot;:&quot;Black Friday&quot;,&quot;slug&quot;:&quot;black-friday&quot;}],&quot;class&quot;:&quot;&quot;,&quot;searchColumn&quot;:&quot;hf_tax_product_tag&quot;}}\" data-order=\"[]\"><thead><tr><th class=\"all\" data-name=\"image\" data-orderable=\"false\" data-searchable=\"false\" data-width=\"150px\" data-priority=\"4\" data-data=\"image\">Image<\/th><th data-name=\"name\" data-orderable=\"true\" data-searchable=\"true\" data-priority=\"1\" data-data=\"name\">Name<\/th><th data-name=\"price\" data-orderable=\"true\" data-searchable=\"true\" data-priority=\"3\" data-data=\"price\">Price<\/th><th data-name=\"buy\" data-orderable=\"false\" data-searchable=\"true\" data-priority=\"2\" data-data=\"buy\">Buy<span class=\"wpt-bulk-select-wrap\"><label class=\"wpt-bulk-select-label\">Alle ausw\u00e4hlen<\/label><input type=\"checkbox\" class=\"wpt-bulk-select\"\/><span class=\"wpt-multi-checkbox\"><\/span><\/span><\/th><th data-name=\"hf_tax_product_cat\" data-searchable=\"true\" data-visible=\"false\" data-data=\"hf:tax:product_cat\">hf:tax:product_cat<\/th><th data-name=\"hf_tax_product_tag\" data-searchable=\"true\" data-visible=\"false\" data-data=\"hf:tax:product_tag\">hf:tax:product_tag<\/th><\/tr><\/thead><\/table><\/div>\n","protected":false},"excerpt":{"rendered":"","protected":false},"author":1,"featured_media":0,"parent":0,"menu_order":0,"comment_status":"closed","ping_status":"closed","template":"template-fullwidth.php","meta":{"_acf_changed":false,"footnotes":""},"class_list":["post-10145","page","type-page","status-publish","hentry"],"acf":[],"_links":{"self":[{"href":"https:\/\/cosyowl.com\/de\/wp-json\/wp\/v2\/pages\/10145","targetHints":{"allow":["GET"]}}],"collection":[{"href":"https:\/\/cosyowl.com\/de\/wp-json\/wp\/v2\/pages"}],"about":[{"href":"https:\/\/cosyowl.com\/de\/wp-json\/wp\/v2\/types\/page"}],"author":[{"embeddable":true,"href":"https:\/\/cosyowl.com\/de\/wp-json\/wp\/v2\/users\/1"}],"replies":[{"embeddable":true,"href":"https:\/\/cosyowl.com\/de\/wp-json\/wp\/v2\/comments?post=10145"}],"version-history":[{"count":0,"href":"https:\/\/cosyowl.com\/de\/wp-json\/wp\/v2\/pages\/10145\/revisions"}],"wp:attachment":[{"href":"https:\/\/cosyowl.com\/de\/wp-json\/wp\/v2\/media?parent=10145"}],"curies":[{"name":"wp","href":"https:\/\/api.w.org\/{rel}","templated":true}]}}